{"id":837,"date":"2023-08-11T12:21:39","date_gmt":"2023-08-11T12:21:39","guid":{"rendered":"https:\/\/fillinx.site\/tropscbdtest\/?post_type=product&#038;p=837"},"modified":"2024-05-18T10:50:58","modified_gmt":"2024-05-18T08:50:58","slug":"jack-herer-cbg","status":"publish","type":"product","link":"https:\/\/fillinx.site\/tropscbdtest\/produit\/jack-herer-cbg\/","title":{"rendered":"Jack Herer CBG"},"content":{"rendered":"","protected":false},"excerpt":{"rendered":"<p>La fleur de CBG Jack Herer est une vari\u00e9t\u00e9 de chanvre captivante, sp\u00e9cialement cultiv\u00e9e pour son taux \u00e9lev\u00e9 de cannabig\u00e9rol (CBG). Inspir\u00e9e par la l\u00e9gendaire souche Jack Herer, cette fleur de CBG offre une exp\u00e9rience unique avec des ar\u00f4mes terreux, \u00e9pic\u00e9s et bois\u00e9s, caract\u00e9ristiques de la lign\u00e9e d&rsquo;origine. En plus de son profil de terp\u00e8nes distinctif, la Jack Herer CBG propose un effet \u00e9nergisant et clair, id\u00e9al pour ceux qui recherchent une option plus fonctionnelle. Cultiv\u00e9e avec soin et expertise, cette fleur de CBG incarne la qualit\u00e9 et la puret\u00e9, offrant aux utilisateurs une exp\u00e9rience florale inoubliable alli\u00e9e aux bienfaits potentiels du cannabig\u00e9rol.<\/p>\n","protected":false},"featured_media":862,"template":"","meta":[],"product_cat":[126],"product_tag":[],"_links":{"self":[{"href":"https:\/\/fillinx.site\/tropscbdtest\/wp-json\/wp\/v2\/product\/837"}],"collection":[{"href":"https:\/\/fillinx.site\/tropscbdtest\/wp-json\/wp\/v2\/product"}],"about":[{"href":"https:\/\/fillinx.site\/tropscbdtest\/wp-json\/wp\/v2\/types\/product"}],"wp:featuredmedia":[{"embeddable":true,"href":"https:\/\/fillinx.site\/tropscbdtest\/wp-json\/wp\/v2\/media\/862"}],"wp:attachment":[{"href":"https:\/\/fillinx.site\/tropscbdtest\/wp-json\/wp\/v2\/media?parent=837"}],"wp:term":[{"taxonomy":"product_cat","embeddable":true,"href":"https:\/\/fillinx.site\/tropscbdtest\/wp-json\/wp\/v2\/product_cat?post=837"},{"taxonomy":"product_tag","embeddable":true,"href":"https:\/\/fillinx.site\/tropscbdtest\/wp-json\/wp\/v2\/product_tag?post=837"}],"curies":[{"name":"wp","href":"https:\/\/api.w.org\/{rel}","templated":true}]}}