{"id":881,"date":"2023-08-11T12:22:01","date_gmt":"2023-08-11T12:22:01","guid":{"rendered":"https:\/\/fillinx.site\/tropscbdtest\/?post_type=product&#038;p=881"},"modified":"2024-05-18T10:50:20","modified_gmt":"2024-05-18T08:50:20","slug":"northern-lights","status":"publish","type":"product","link":"https:\/\/fillinx.site\/tropscbdtest\/produit\/northern-lights\/","title":{"rendered":"Northern Lights"},"content":{"rendered":"","protected":false},"excerpt":{"rendered":"<p>Voici le fruit du m\u00e9lange d&rsquo;une indica afghane avec une sativa tha\u00eflandaise.<\/p>\n<p>La Northern Lights est originaire de la p\u00e9riph\u00e9rie de Seattle, Washington, et a \u00e9t\u00e9 propag\u00e9 hors des Pays-Bas en 1985 et est depuis devenu une l\u00e9gende \u00e0 part enti\u00e8re.<\/p>\n<p>Cette fleur de CBD a un parfum tr\u00e8s distinct. Ses notes douces et \u00e9pic\u00e9es vous suivent, et sont bris\u00e9es par une pointe de citron vert amer. Certains ont signal\u00e9 avoir remarqu\u00e9 une l\u00e9g\u00e8re odeur d&rsquo;ammoniac dans cette vari\u00e9t\u00e9, mais avec une touche d&rsquo;agrumes, cela donne une vari\u00e9t\u00e9 \u00e0 l&rsquo;odeur assez revigorante.<\/p>\n<p>La saveur de la Northern Lights est assez skunk et cors\u00e9e, sans \u00eatre \u00e9crasante. Elle fait allusion aux pins frais et \u00e0 la terre m\u00e9lang\u00e9s avec un peu de douceur. Une trace de citron peut \u00e9galement \u00eatre observ\u00e9e lorsqu&rsquo;elle est consomm\u00e9, et elle peut laisser un go\u00fbt sucr\u00e9 et humide dans la bouche par la suite.<\/p>\n","protected":false},"featured_media":899,"template":"","meta":[],"product_cat":[126],"product_tag":[],"_links":{"self":[{"href":"https:\/\/fillinx.site\/tropscbdtest\/wp-json\/wp\/v2\/product\/881"}],"collection":[{"href":"https:\/\/fillinx.site\/tropscbdtest\/wp-json\/wp\/v2\/product"}],"about":[{"href":"https:\/\/fillinx.site\/tropscbdtest\/wp-json\/wp\/v2\/types\/product"}],"wp:featuredmedia":[{"embeddable":true,"href":"https:\/\/fillinx.site\/tropscbdtest\/wp-json\/wp\/v2\/media\/899"}],"wp:attachment":[{"href":"https:\/\/fillinx.site\/tropscbdtest\/wp-json\/wp\/v2\/media?parent=881"}],"wp:term":[{"taxonomy":"product_cat","embeddable":true,"href":"https:\/\/fillinx.site\/tropscbdtest\/wp-json\/wp\/v2\/product_cat?post=881"},{"taxonomy":"product_tag","embeddable":true,"href":"https:\/\/fillinx.site\/tropscbdtest\/wp-json\/wp\/v2\/product_tag?post=881"}],"curies":[{"name":"wp","href":"https:\/\/api.w.org\/{rel}","templated":true}]}}