{"id":908,"date":"2023-08-11T12:22:26","date_gmt":"2023-08-11T12:22:26","guid":{"rendered":"https:\/\/fillinx.site\/tropscbdtest\/?post_type=product&#038;p=908"},"modified":"2024-05-18T10:50:00","modified_gmt":"2024-05-18T08:50:00","slug":"pineapple-skunk","status":"publish","type":"product","link":"https:\/\/fillinx.site\/tropscbdtest\/produit\/pineapple-skunk\/","title":{"rendered":"Pineapple Skunk"},"content":{"rendered":"","protected":false},"excerpt":{"rendered":"<p>Contrairement \u00e0 son homologue la pineapple ext\u00e9rieure, cette vari\u00e9t\u00e9 est plus piquante. Laissant de c\u00f4t\u00e9 son c\u00f4t\u00e9 fruit\u00e9 agr\u00e9able, cette souche fait ressortir son c\u00f4t\u00e9 terreux et puissant en bouche.<\/p>\n<p>Les amateurs de fleur naturelle au go\u00fbt v\u00e9g\u00e9tal, cette pineapple skunk est faites pour vous.<\/p>\n","protected":false},"featured_media":932,"template":"","meta":[],"product_cat":[126],"product_tag":[],"_links":{"self":[{"href":"https:\/\/fillinx.site\/tropscbdtest\/wp-json\/wp\/v2\/product\/908"}],"collection":[{"href":"https:\/\/fillinx.site\/tropscbdtest\/wp-json\/wp\/v2\/product"}],"about":[{"href":"https:\/\/fillinx.site\/tropscbdtest\/wp-json\/wp\/v2\/types\/product"}],"wp:featuredmedia":[{"embeddable":true,"href":"https:\/\/fillinx.site\/tropscbdtest\/wp-json\/wp\/v2\/media\/932"}],"wp:attachment":[{"href":"https:\/\/fillinx.site\/tropscbdtest\/wp-json\/wp\/v2\/media?parent=908"}],"wp:term":[{"taxonomy":"product_cat","embeddable":true,"href":"https:\/\/fillinx.site\/tropscbdtest\/wp-json\/wp\/v2\/product_cat?post=908"},{"taxonomy":"product_tag","embeddable":true,"href":"https:\/\/fillinx.site\/tropscbdtest\/wp-json\/wp\/v2\/product_tag?post=908"}],"curies":[{"name":"wp","href":"https:\/\/api.w.org\/{rel}","templated":true}]}}