{"id":928,"date":"2023-08-11T12:22:28","date_gmt":"2023-08-11T12:22:28","guid":{"rendered":"https:\/\/fillinx.site\/tropscbdtest\/?post_type=product&#038;p=928"},"modified":"2024-04-29T11:52:34","modified_gmt":"2024-04-29T09:52:34","slug":"royal-cheese-exterieure","status":"publish","type":"product","link":"https:\/\/fillinx.site\/tropscbdtest\/produit\/royal-cheese-exterieure\/","title":{"rendered":"Royal Cheese Ext\u00e9rieure"},"content":{"rendered":"","protected":false},"excerpt":{"rendered":"<p>Notre fleur de CBD Royal Cheese ne manquera pas de vous surprendre.<\/p>\n<p>Les connaisseurs retrouveront dans cette vari\u00e9t\u00e9 les m\u00eames ar\u00f4mes et go\u00fbts qu\u2019avec l\u2019originale, clairement Cheese.<\/p>\n<p>Vous retrouverez l&rsquo;odeur acidul\u00e9 de la cheese avec des notes terreuses et de bois qui se marient tr\u00e8s bien.<\/p>\n<p>Ensuite vous trouverez des ar\u00f4mes tr\u00e8s \u00e2cres avec les fameuses notes de Cheese Skunk qui r\u00e9galent les amoureux du cannabis depuis le lancement des vari\u00e9t\u00e9s Cheeses.<\/p>\n<p>Sans aucun doutes possible, cette vari\u00e9t\u00e9 de CBD fait honneur \u00e0 la tradition cheese avec son go\u00fbt et son odeur. Pour une fleur ext\u00e9rieure, vous serez surpris !<\/p>\n","protected":false},"featured_media":935,"template":"","meta":[],"product_cat":[30,32],"product_tag":[],"_links":{"self":[{"href":"https:\/\/fillinx.site\/tropscbdtest\/wp-json\/wp\/v2\/product\/928"}],"collection":[{"href":"https:\/\/fillinx.site\/tropscbdtest\/wp-json\/wp\/v2\/product"}],"about":[{"href":"https:\/\/fillinx.site\/tropscbdtest\/wp-json\/wp\/v2\/types\/product"}],"wp:featuredmedia":[{"embeddable":true,"href":"https:\/\/fillinx.site\/tropscbdtest\/wp-json\/wp\/v2\/media\/935"}],"wp:attachment":[{"href":"https:\/\/fillinx.site\/tropscbdtest\/wp-json\/wp\/v2\/media?parent=928"}],"wp:term":[{"taxonomy":"product_cat","embeddable":true,"href":"https:\/\/fillinx.site\/tropscbdtest\/wp-json\/wp\/v2\/product_cat?post=928"},{"taxonomy":"product_tag","embeddable":true,"href":"https:\/\/fillinx.site\/tropscbdtest\/wp-json\/wp\/v2\/product_tag?post=928"}],"curies":[{"name":"wp","href":"https:\/\/api.w.org\/{rel}","templated":true}]}}