{"id":958,"date":"2023-08-11T12:22:50","date_gmt":"2023-08-11T12:22:50","guid":{"rendered":"https:\/\/fillinx.site\/tropscbdtest\/?post_type=product&#038;p=958"},"modified":"2024-04-10T09:09:46","modified_gmt":"2024-04-10T09:09:46","slug":"suprem-trops","status":"publish","type":"product","link":"https:\/\/fillinx.site\/tropscbdtest\/produit\/suprem-trops\/","title":{"rendered":"Suprem Trop\u2019s"},"content":{"rendered":"","protected":false},"excerpt":{"rendered":"<p>Vous recherchez une fleur de grande qualit\u00e9 ?<\/p>\n<p>La supr\u00eame Trop&rsquo;s est faite pour vous. Elle poss\u00e8de un ar\u00f4me doux, l\u00e9g\u00e8rement floral saupoudr\u00e9 d&rsquo;une touche de pamplemousse.<\/p>\n<p>Niveau go\u00fbt, cette vari\u00e9t\u00e9 \u00e0 de quoi satisfaire. Son m\u00e9lange subtile d&rsquo;agrume acidul\u00e9 et sa note florale donne une dimension particuli\u00e8re \u00e0 cette fleur de CBD.<\/p>\n<p>Tr\u00e8s jolie visuellement parlant, sa douceur et sa volupt\u00e9 enivrera les plus exigeant.<\/p>\n<p>&nbsp;<\/p>\n","protected":false},"featured_media":970,"template":"","meta":[],"product_cat":[30,31],"product_tag":[],"_links":{"self":[{"href":"https:\/\/fillinx.site\/tropscbdtest\/wp-json\/wp\/v2\/product\/958"}],"collection":[{"href":"https:\/\/fillinx.site\/tropscbdtest\/wp-json\/wp\/v2\/product"}],"about":[{"href":"https:\/\/fillinx.site\/tropscbdtest\/wp-json\/wp\/v2\/types\/product"}],"wp:featuredmedia":[{"embeddable":true,"href":"https:\/\/fillinx.site\/tropscbdtest\/wp-json\/wp\/v2\/media\/970"}],"wp:attachment":[{"href":"https:\/\/fillinx.site\/tropscbdtest\/wp-json\/wp\/v2\/media?parent=958"}],"wp:term":[{"taxonomy":"product_cat","embeddable":true,"href":"https:\/\/fillinx.site\/tropscbdtest\/wp-json\/wp\/v2\/product_cat?post=958"},{"taxonomy":"product_tag","embeddable":true,"href":"https:\/\/fillinx.site\/tropscbdtest\/wp-json\/wp\/v2\/product_tag?post=958"}],"curies":[{"name":"wp","href":"https:\/\/api.w.org\/{rel}","templated":true}]}}