{"id":994,"date":"2023-08-11T12:23:18","date_gmt":"2023-08-11T12:23:18","guid":{"rendered":"https:\/\/fillinx.site\/tropscbdtest\/?post_type=product&#038;p=994"},"modified":"2024-06-13T12:43:17","modified_gmt":"2024-06-13T10:43:17","slug":"feuilles-ocb-tips","status":"publish","type":"product","link":"https:\/\/fillinx.site\/tropscbdtest\/produit\/feuilles-ocb-tips\/","title":{"rendered":"Feuilles OCB + Tips"},"content":{"rendered":"<h1>L&rsquo;histoire de OCB<\/h1>\n<p>Tout a commenc\u00e9 en\u00a0<strong>1822<\/strong>\u00a0\u00e0\u00a0 l&rsquo;Odet, au lieu-dit\u00a0<strong>Ergu\u00e9-Gab\u00e9ric<\/strong>\u00a0dans le Finist\u00e8re, au bord de la rivi\u00e8re du m\u00eame nom qui traverse\u00a0<strong>Quimper<\/strong>. Nicolas Le Mari\u00e9 fonde une famille avec l&rsquo;aide de sa belle famille Ren\u00e9 Corentin. moulin Pollor\u00e9 et son fr\u00e8re Jean Guillaume Claude Polore.\u00a0C&rsquo;est ici, que les deux fr\u00e8res pr\u00e9sentent la premi\u00e8re et longue s\u00e9rie de \u00ab\u00a0papetier\u00a0\u00bb Bollor\u00e9, qui durera\u00a0<strong>6 g\u00e9n\u00e9rations<\/strong>.<\/p>\n<p>En 1861, Nicolas Le Mari\u00e9, qui \u00e9pousa la s\u00c5\u201cur Bollor\u00e9, et c\u00e8de le contr\u00f4le de l&rsquo;entreprise \u00e0\u00a0 son neveu par alliance,\u00a0<strong>Jean R\u00e9n\u00e9 Marie Bollor\u00e9<\/strong>, qui continuera \u00e0\u00a0 g\u00e9rer la papeterie jusqu&rsquo;\u00e0\u00a0 sa mort en 1881.<\/p>\n<p>JRM Bollor\u00e9 s&rsquo;est rendu \u00e0\u00a0 plusieurs reprises dans les eaux de Chine et du Br\u00e9sil au cours de son service de docteur en m\u00e9decine et de chirurgien principal dans la Marine. Il y a des rumeurs selon lesquelles, c&rsquo;est\u00a0en visitant\u00a0ces pays qu&rsquo;il a ramen\u00e9 le secret de la fabrication de ce papier de haute qualit\u00e9.<\/p>\n<p>En 1893, Ren\u00e9 Guillaume Marie Bollor\u00e9 succ\u00e8de \u00e0\u00a0 son p\u00e8re en 1881 et d\u00e9cide de louer la papeterie Cascadec sur la commune de Sca\u00e0\u00abr et de construire une seconde papeterie. Jusqu&rsquo;\u00e0\u00a0 sa mort en 1904, il restera en charge de la papeterie. Son fils Ren\u00e9 Bollor\u00e9 tiendra une papeterie jusqu&rsquo;en 1935.<\/p>\n<p>Apr\u00e8s 24 ans de bail, le Groupe Bollor\u00e9 d\u00e9cide d&rsquo;acqu\u00e9rir la soci\u00e9t\u00e9 en 1917. Face \u00e0\u00a0 l&rsquo;\u00e9norme demande de papier \u00e0\u00a0 cigarettes en France et aux \u00e0\u2030tats-Unis, la fabrication de papier \u00e0\u00a0 lettres, de coton et de mousseline est devenue une production secondaire. La cigarette a commenc\u00e9 \u00e0\u00a0 devenir une habitude.<\/p>\n<p>C&rsquo;est cette production intensive de rouleaux de papier ultra-fins qui a donn\u00e9 \u00e0\u00a0 Jean Guillaume Claude Bollor\u00e9, l&rsquo;id\u00e9e de cr\u00e9er sa propre marque de papier \u00e0\u00a0 cigarettes en 1918 : OCB \u00e9tait n\u00e9e !<\/p>\n<p>Dans les ann\u00e9es 1930, les deux usines Bollor\u00e9 battaient leur plein, produisant pr\u00e8s de 2 000 tonnes de rouleaux, soit pr\u00e8s de 86 millions de rouleaux de\u00a0papier. Il faut savoir que 90% des produits sont export\u00e9s aux \u00e0\u2030tats-Unis.<\/p>\n<p>Le fils de Ren\u00e9 Bollor\u00e9, R\u00e9n\u00e9 Guillaume Bollor\u00e9, reprendra la direction de la papeterie familiale en 1974 apr\u00e8s le d\u00e9part de son p\u00e8re en 1935.<\/p>\n<p>Il fait partie des Fran\u00e7ais libres, chevalier de la L\u00e9gion d&rsquo;honneur, et rejoint le g\u00e9n\u00e9ral de Gaulle \u00e0\u00a0 Londres pendant la Seconde Guerre mondiale.<\/p>\n<p>Pendant l&rsquo;occupation, l&rsquo;usine Bollor\u00e9\u00a0est pratiquement\u00a0ferm\u00e9e.\u00a0 L&rsquo;usine tourne \u00e0\u00a0 20 % de sa capacit\u00e9. Les exportations am\u00e9ricaines deviennent impossibles et en 1938, avec l&rsquo;aide des ing\u00e9nieurs de Bollor\u00e9, une usine est cr\u00e9e en Caroline du Nord pour r\u00e9pondre \u00e0\u00a0 la demande am\u00e9ricaine.<\/p>\n<p>Apr\u00e8s la guerre, le fr\u00e8re de Ren\u00e9 Guillaume, Michel Bollor\u00e9, rejoint \u00e9galement les affaires familiales.<\/p>\n<p>Il commence\u00a0par le poste de directeur commercial puis de directeur g\u00e9n\u00e9ral. Apr\u00e8s quelque temps, il travaillera avec ses deux fr\u00e8res pour d\u00e9crocher le titre de co-directeur : R\u00e9n\u00e9 Guillaume,\u00a0qui succ\u00e8de \u00e0\u00a0 son p\u00e8re et Gwena\u00e0\u00abl, comme vice-pr\u00e9sident jusqu&rsquo;en 1981.<\/p>\n<p>Dans les ann\u00e9es 80 Vincent Bollor\u00e9, descendant direct de Jean Guillaume Claude Bollor\u00e9 (fondateur de la marque), prend la direction de l&rsquo;entreprise et d\u00e9cide de cr\u00e9er Bollor\u00e9 Technology.<\/p>\n<p>Il a fait de l&rsquo;entreprise familiale un groupe prestigieux de renomm\u00e9e internationale, notamment gr\u00e2ce \u00e0\u00a0 son acquisition du concurrent\u00a0de\u00a0Perpignan JOB , o\u00f9 il a d\u00e9plac\u00e9 toutes les op\u00e9rations de fabrication de rouleaux de papier. De par son investissement,\u00a0il\u00a0fournit de solides ressources industrielles pour le papier \u00e0\u00a0 cigarettes et\u00a0l&rsquo;avenier de OCB.<\/p>\n<p>En 2000, Vincent Bollor\u00e9 a revend 81 % des actions de la soci\u00e9t\u00e9 \u00e0\u00a0 l&rsquo;un de ses meilleurs clients am\u00e9ricains : Don Levin, qui a rebaptis\u00e9 la soci\u00e9t\u00e9\u00a0<strong>Republic Technologies<\/strong>. La fabrication\u00a0de carnet de papier\u00a0reste cependant\u00a0inchang\u00e9e \u00e0\u00a0 Perpignan et s&rsquo;est m\u00eame fortement d\u00e9velopp\u00e9e.<\/p>\n<p>En juillet 2000, OCB, qui fournit d\u00e9sormais d&rsquo;autres accessoires pour fumeurs, a \u00e9tabli sa position mondiale et est devenue une marque importante dans toute l&rsquo;Europe.<\/p>\n<p>En 2006, Vincent Bollor\u00e9 c\u00e8de le reliquat de la soci\u00e9t\u00e9 \u00e0\u00a0 Don Levin qui en devient propri\u00e9taire \u00e0\u00a0 100 %.<\/p>\n<p>Depuis 2006, OCB n&rsquo;a cess\u00e9 de se d\u00e9velopper et de proposer des produits toujours plus innovants, les plus r\u00e9cents et avec un excellent rapport qualit\u00e9\/prix.<\/p>\n","protected":false},"excerpt":{"rendered":"<p>Voici la solution pour toujours tout avoir sous la main ! Fini le carnet de cartons qui se perd ! La marque OCB a pens\u00e9 \u00e0\u00a0 vous et propose ce carnet OCB slim + tips comprenant un carnet OCB slim premium contenant des feuilles brunes non blanchies et non raffin\u00e9es, et un carnet de tips (carton) OCB.<\/p>\n<p>Ce\u00a0carnet OCB Slim<strong>\u00a0respecte l&rsquo;environnement\u00a0<\/strong>avec son\u00a0<strong>papier biod\u00e9gradable<\/strong>\u00a0et peut prot\u00e9ger notre plan\u00e8te. En plus OCB a plac\u00e9 32\u00a0feuilles d&rsquo;une\u00a0<strong>qualit\u00e9 in\u00e9gal\u00e9e<\/strong>\u00a0en gomme arabique naturelle, mais\u00a0\u00e9galement 32 filtres en carton pr\u00e9d\u00e9coup\u00e9s.<\/p>\n<p>Une exp\u00e9rience 100% naturelle.<\/p>\n","protected":false},"featured_media":1030,"template":"","meta":[],"product_cat":[44],"product_tag":[],"_links":{"self":[{"href":"https:\/\/fillinx.site\/tropscbdtest\/wp-json\/wp\/v2\/product\/994"}],"collection":[{"href":"https:\/\/fillinx.site\/tropscbdtest\/wp-json\/wp\/v2\/product"}],"about":[{"href":"https:\/\/fillinx.site\/tropscbdtest\/wp-json\/wp\/v2\/types\/product"}],"wp:featuredmedia":[{"embeddable":true,"href":"https:\/\/fillinx.site\/tropscbdtest\/wp-json\/wp\/v2\/media\/1030"}],"wp:attachment":[{"href":"https:\/\/fillinx.site\/tropscbdtest\/wp-json\/wp\/v2\/media?parent=994"}],"wp:term":[{"taxonomy":"product_cat","embeddable":true,"href":"https:\/\/fillinx.site\/tropscbdtest\/wp-json\/wp\/v2\/product_cat?post=994"},{"taxonomy":"product_tag","embeddable":true,"href":"https:\/\/fillinx.site\/tropscbdtest\/wp-json\/wp\/v2\/product_tag?post=994"}],"curies":[{"name":"wp","href":"https:\/\/api.w.org\/{rel}","templated":true}]}}