{"id":995,"date":"2023-08-11T12:23:18","date_gmt":"2023-08-11T12:23:18","guid":{"rendered":"https:\/\/fillinx.site\/tropscbdtest\/?post_type=product&#038;p=995"},"modified":"2023-10-20T14:00:16","modified_gmt":"2023-10-20T14:00:16","slug":"green-haze-appleberry","status":"publish","type":"product","link":"https:\/\/fillinx.site\/tropscbdtest\/produit\/green-haze-appleberry\/","title":{"rendered":"Green Haze Appleberry"},"content":{"rendered":"","protected":false},"excerpt":{"rendered":"<p>D\u00e9couvrez la nouvelle gamme\u00a0<strong>Green Haze<\/strong>\u00a0de\u00a0<strong>e-liquide au CBD<\/strong>\u00a0d\u00e9velopp\u00e9 par\u00a0<strong>Wild Hemp<\/strong>. Une exp\u00e9rience\u00a0<strong>CBD<\/strong>\u00a0totalement\u00a0<strong>fruit\u00e9e<\/strong>\u00a0gr\u00e2ce \u00e0\u00a0 des e-liquides pr\u00eats \u00e0\u00a0 vaper.<\/p>\n<p>Faites un break, gr\u00e2ce au e-liquide CBD Green Haze et ses\u00a0<strong>effets anti-stress<\/strong>\u00a0et\u00a0<strong>anti-inflammatoire<\/strong>.<\/p>\n<p>Fabriqu\u00e9 \u00e0\u00a0 partir d&rsquo;ingr\u00e9dients\u00a0<strong>100% naturels<\/strong>\u00a0et\u00a0<strong>biologiques<\/strong>, les e-liquides Green Haze CBD, vous apportent une multitude de\u00a0<strong>bienfaits<\/strong>, combin\u00e9 a une exp\u00e9rience\u00a0<strong>vaping<\/strong>\u00a0<strong>relaxante<\/strong>\u00a0et le tout garantit\u00a0<strong>sans THC<\/strong>, afin de se d\u00e9tendre en tout l\u00e9galit\u00e9.<\/p>\n<p>Avec ce go\u00fbt\u00a0<strong>Appleberry<\/strong>, les amateurs de jus fruit\u00e9s et acidul\u00e9s vont se r\u00e9galer.<\/p>\n<p>Si vous appr\u00e9ciez les saveurs intenses de\u00a0<strong>pomme juteuse<\/strong>\u00a0et croquante combin\u00e9es \u00e0\u00a0 une g\u00e9n\u00e9reuse poign\u00e9e de\u00a0<strong>baies rouges<\/strong>\u00a0l\u00e9g\u00e8rement sucr\u00e9es, vous aimerez cet e-liquide.<\/p>\n<p>Profitez d&rsquo;une\u00a0<strong>exp\u00e9rience CBD<\/strong>\u00a0gustative fruit\u00e9e, tout en vous procurant un moment de bien-\u00eatre intense.<\/p>\n<p>Commencez votre journ\u00e9e en toute s\u00e9r\u00e9nit\u00e9, et jouissez des\u00a0<strong>bienfaits relaxants<\/strong>\u00a0du CBD.<\/p>\n<p><strong>Faites votre choix parmi les diff\u00e9rents dosages de CBD<\/strong>\u00a0:<\/p>\n<p>En flacon de\u00a0<strong>10 ml<\/strong>\u00a0avec un dosage de\u00a0<strong>250mg<\/strong>.<\/p>\n<p>En flacon de\u00a0<strong>60 ml<\/strong>\u00a0en\u00a0<strong>250mg<\/strong>,\u00a0<strong>500mg<\/strong>\u00a0ou\u00a0<strong>1000mg<\/strong>.<\/p>\n","protected":false},"featured_media":1031,"template":"","meta":[],"product_cat":[45],"product_tag":[],"_links":{"self":[{"href":"https:\/\/fillinx.site\/tropscbdtest\/wp-json\/wp\/v2\/product\/995"}],"collection":[{"href":"https:\/\/fillinx.site\/tropscbdtest\/wp-json\/wp\/v2\/product"}],"about":[{"href":"https:\/\/fillinx.site\/tropscbdtest\/wp-json\/wp\/v2\/types\/product"}],"wp:featuredmedia":[{"embeddable":true,"href":"https:\/\/fillinx.site\/tropscbdtest\/wp-json\/wp\/v2\/media\/1031"}],"wp:attachment":[{"href":"https:\/\/fillinx.site\/tropscbdtest\/wp-json\/wp\/v2\/media?parent=995"}],"wp:term":[{"taxonomy":"product_cat","embeddable":true,"href":"https:\/\/fillinx.site\/tropscbdtest\/wp-json\/wp\/v2\/product_cat?post=995"},{"taxonomy":"product_tag","embeddable":true,"href":"https:\/\/fillinx.site\/tropscbdtest\/wp-json\/wp\/v2\/product_tag?post=995"}],"curies":[{"name":"wp","href":"https:\/\/api.w.org\/{rel}","templated":true}]}}